{"id":96,"date":"2023-03-30T15:39:02","date_gmt":"2023-03-30T18:39:02","guid":{"rendered":"https:\/\/vendas.ecreed.com.br\/home\/?page_id=96"},"modified":"2023-05-22T11:24:42","modified_gmt":"2023-05-22T14:24:42","slug":"fgts","status":"publish","type":"page","link":"https:\/\/vendas.ecreed.com.br\/home\/fgts\/","title":{"rendered":"FGTS"},"content":{"rendered":"\t\t<div data-elementor-type=\"wp-page\" data-elementor-id=\"96\" class=\"elementor elementor-96\">\n\t\t\t\t\t\t\t\t\t<section class=\"elementor-section elementor-top-section elementor-element elementor-element-5dc1be6 elementor-section-boxed elementor-section-height-default elementor-section-height-default\" data-id=\"5dc1be6\" data-element_type=\"section\" data-settings=\"{&quot;background_background&quot;:&quot;classic&quot;}\">\n\t\t\t\t\t\t<div class=\"elementor-container elementor-column-gap-default\">\n\t\t\t\t\t<div class=\"elementor-column elementor-col-50 elementor-top-column elementor-element elementor-element-ce12dcd\" data-id=\"ce12dcd\" data-element_type=\"column\">\n\t\t\t<div class=\"elementor-widget-wrap elementor-element-populated\">\n\t\t\t\t\t\t\t\t<div class=\"elementor-element elementor-element-fa46618 elementor-widget elementor-widget-image\" data-id=\"fa46618\" data-element_type=\"widget\" data-widget_type=\"image.default\">\n\t\t\t\t<div class=\"elementor-widget-container\">\n\t\t\t<style>\/*! elementor - v3.13.2 - 11-05-2023 *\/\n.elementor-widget-image{text-align:center}.elementor-widget-image a{display:inline-block}.elementor-widget-image a img[src$=\".svg\"]{width:48px}.elementor-widget-image img{vertical-align:middle;display:inline-block}<\/style>\t\t\t\t\t\t\t\t\t\t\t\t\t<a href=\"https:\/\/vendas.ecreed.com.br\/home\/\">\n\t\t\t\t\t\t\t<img decoding=\"async\" src=\"https:\/\/vendas.ecreed.com.br\/home\/wp-content\/uploads\/2023\/03\/E-CREED-1.png\" title=\"\u00c9 CREED (1)\" alt=\"\u00c9 CREED (1)\" loading=\"lazy\" \/>\t\t\t\t\t\t\t\t<\/a>\n\t\t\t\t\t\t\t\t\t\t\t\t\t\t\t<\/div>\n\t\t\t\t<\/div>\n\t\t\t\t<div class=\"elementor-element elementor-element-7862cfc elementor-widget elementor-widget-image\" data-id=\"7862cfc\" data-element_type=\"widget\" data-widget_type=\"image.default\">\n\t\t\t\t<div class=\"elementor-widget-container\">\n\t\t\t\t\t\t\t\t\t\t\t\t\t\t\t<img loading=\"lazy\" decoding=\"async\" width=\"928\" height=\"653\" src=\"https:\/\/vendas.ecreed.com.br\/home\/wp-content\/uploads\/2023\/03\/afadf.png\" class=\"attachment-large size-large wp-image-77\" alt=\"\" srcset=\"https:\/\/vendas.ecreed.com.br\/home\/wp-content\/uploads\/2023\/03\/afadf.png 928w, https:\/\/vendas.ecreed.com.br\/home\/wp-content\/uploads\/2023\/03\/afadf-300x211.png 300w, https:\/\/vendas.ecreed.com.br\/home\/wp-content\/uploads\/2023\/03\/afadf-768x540.png 768w\" sizes=\"auto, (max-width: 928px) 100vw, 928px\" \/>\t\t\t\t\t\t\t\t\t\t\t\t\t\t\t<\/div>\n\t\t\t\t<\/div>\n\t\t\t\t\t<\/div>\n\t\t<\/div>\n\t\t\t\t<div class=\"elementor-column elementor-col-50 elementor-top-column elementor-element elementor-element-d7dc4a6\" data-id=\"d7dc4a6\" data-element_type=\"column\">\n\t\t\t<div class=\"elementor-widget-wrap elementor-element-populated\">\n\t\t\t\t\t\t\t\t<div class=\"elementor-element elementor-element-c51188b elementor-align-center elementor-widget elementor-widget-button\" data-id=\"c51188b\" data-element_type=\"widget\" data-widget_type=\"button.default\">\n\t\t\t\t<div class=\"elementor-widget-container\">\n\t\t\t\t\t<div class=\"elementor-button-wrapper\">\n\t\t\t<a href=\"https:\/\/api.whatsapp.com\/send?phone=554488680633&#038;text=Ol%C3%A1,%20me%20interessei%20no%20Saque%20FGTS.\" class=\"elementor-button-link elementor-button elementor-size-md elementor-animation-grow\" role=\"button\">\n\t\t\t\t\t\t<span class=\"elementor-button-content-wrapper\">\n\t\t\t\t\t\t<span class=\"elementor-button-text\">Contrate aqui<\/span>\n\t\t<\/span>\n\t\t\t\t\t<\/a>\n\t\t<\/div>\n\t\t\t\t<\/div>\n\t\t\t\t<\/div>\n\t\t\t\t<div class=\"elementor-element elementor-element-53ff0ea elementor-widget elementor-widget-image\" data-id=\"53ff0ea\" data-element_type=\"widget\" data-widget_type=\"image.default\">\n\t\t\t\t<div class=\"elementor-widget-container\">\n\t\t\t\t\t\t\t\t\t\t\t\t\t\t\t<img loading=\"lazy\" decoding=\"async\" width=\"576\" height=\"475\" src=\"https:\/\/vendas.ecreed.com.br\/home\/wp-content\/uploads\/2023\/03\/tyrtyrty.png\" class=\"attachment-large size-large wp-image-76\" alt=\"\" srcset=\"https:\/\/vendas.ecreed.com.br\/home\/wp-content\/uploads\/2023\/03\/tyrtyrty.png 576w, https:\/\/vendas.ecreed.com.br\/home\/wp-content\/uploads\/2023\/03\/tyrtyrty-300x247.png 300w\" sizes=\"auto, (max-width: 576px) 100vw, 576px\" \/>\t\t\t\t\t\t\t\t\t\t\t\t\t\t\t<\/div>\n\t\t\t\t<\/div>\n\t\t\t\t\t<\/div>\n\t\t<\/div>\n\t\t\t\t\t\t\t<\/div>\n\t\t<\/section>\n\t\t\t\t<section class=\"elementor-section elementor-top-section elementor-element elementor-element-aaf7d3c elementor-section-boxed elementor-section-height-default elementor-section-height-default\" data-id=\"aaf7d3c\" data-element_type=\"section\" data-settings=\"{&quot;background_background&quot;:&quot;gradient&quot;}\">\n\t\t\t\t\t\t<div class=\"elementor-container elementor-column-gap-default\">\n\t\t\t\t\t<div class=\"elementor-column elementor-col-50 elementor-top-column elementor-element elementor-element-35a025a\" data-id=\"35a025a\" data-element_type=\"column\">\n\t\t\t<div class=\"elementor-widget-wrap elementor-element-populated\">\n\t\t\t\t\t\t\t\t<div class=\"elementor-element elementor-element-73bcfcc elementor-widget elementor-widget-image\" data-id=\"73bcfcc\" data-element_type=\"widget\" data-widget_type=\"image.default\">\n\t\t\t\t<div class=\"elementor-widget-container\">\n\t\t\t\t\t\t\t\t\t\t\t\t\t\t\t<img loading=\"lazy\" decoding=\"async\" width=\"504\" height=\"568\" src=\"https:\/\/vendas.ecreed.com.br\/home\/wp-content\/uploads\/2023\/03\/moedas.png\" class=\"attachment-large size-large wp-image-106\" alt=\"\" srcset=\"https:\/\/vendas.ecreed.com.br\/home\/wp-content\/uploads\/2023\/03\/moedas.png 504w, https:\/\/vendas.ecreed.com.br\/home\/wp-content\/uploads\/2023\/03\/moedas-266x300.png 266w\" sizes=\"auto, (max-width: 504px) 100vw, 504px\" \/>\t\t\t\t\t\t\t\t\t\t\t\t\t\t\t<\/div>\n\t\t\t\t<\/div>\n\t\t\t\t\t<\/div>\n\t\t<\/div>\n\t\t\t\t<div class=\"elementor-column elementor-col-50 elementor-top-column elementor-element elementor-element-bc8b940\" data-id=\"bc8b940\" data-element_type=\"column\">\n\t\t\t<div class=\"elementor-widget-wrap elementor-element-populated\">\n\t\t\t\t\t\t\t\t<div class=\"elementor-element elementor-element-f8a9e16 elementor-widget elementor-widget-image\" data-id=\"f8a9e16\" data-element_type=\"widget\" data-widget_type=\"image.default\">\n\t\t\t\t<div class=\"elementor-widget-container\">\n\t\t\t\t\t\t\t\t\t\t\t\t\t\t\t<img loading=\"lazy\" decoding=\"async\" width=\"908\" height=\"1024\" src=\"https:\/\/vendas.ecreed.com.br\/home\/wp-content\/uploads\/2023\/03\/Camada-21-908x1024.png\" class=\"attachment-large size-large wp-image-105\" alt=\"\" srcset=\"https:\/\/vendas.ecreed.com.br\/home\/wp-content\/uploads\/2023\/03\/Camada-21-908x1024.png 908w, https:\/\/vendas.ecreed.com.br\/home\/wp-content\/uploads\/2023\/03\/Camada-21-266x300.png 266w, https:\/\/vendas.ecreed.com.br\/home\/wp-content\/uploads\/2023\/03\/Camada-21-768x866.png 768w, https:\/\/vendas.ecreed.com.br\/home\/wp-content\/uploads\/2023\/03\/Camada-21.png 927w\" sizes=\"auto, (max-width: 908px) 100vw, 908px\" \/>\t\t\t\t\t\t\t\t\t\t\t\t\t\t\t<\/div>\n\t\t\t\t<\/div>\n\t\t\t\t\t<\/div>\n\t\t<\/div>\n\t\t\t\t\t\t\t<\/div>\n\t\t<\/section>\n\t\t\t\t<section class=\"elementor-section elementor-top-section elementor-element elementor-element-bc9bccb elementor-section-boxed elementor-section-height-default elementor-section-height-default\" data-id=\"bc9bccb\" data-element_type=\"section\" data-settings=\"{&quot;background_background&quot;:&quot;classic&quot;}\">\n\t\t\t\t\t\t<div class=\"elementor-container elementor-column-gap-default\">\n\t\t\t\t\t<div class=\"elementor-column elementor-col-100 elementor-top-column elementor-element elementor-element-a1b188b\" data-id=\"a1b188b\" data-element_type=\"column\">\n\t\t\t<div class=\"elementor-widget-wrap elementor-element-populated\">\n\t\t\t\t\t\t\t\t<div class=\"elementor-element elementor-element-f27cf08 elementor-widget elementor-widget-heading\" data-id=\"f27cf08\" data-element_type=\"widget\" data-widget_type=\"heading.default\">\n\t\t\t\t<div class=\"elementor-widget-container\">\n\t\t\t<style>\/*! elementor - v3.13.2 - 11-05-2023 *\/\n.elementor-heading-title{padding:0;margin:0;line-height:1}.elementor-widget-heading .elementor-heading-title[class*=elementor-size-]>a{color:inherit;font-size:inherit;line-height:inherit}.elementor-widget-heading .elementor-heading-title.elementor-size-small{font-size:15px}.elementor-widget-heading .elementor-heading-title.elementor-size-medium{font-size:19px}.elementor-widget-heading .elementor-heading-title.elementor-size-large{font-size:29px}.elementor-widget-heading .elementor-heading-title.elementor-size-xl{font-size:39px}.elementor-widget-heading .elementor-heading-title.elementor-size-xxl{font-size:59px}<\/style><h2 class=\"elementor-heading-title elementor-size-xxl\">Para quem \n\u00e9 o FGTS?<\/h2>\t\t<\/div>\n\t\t\t\t<\/div>\n\t\t\t\t<section class=\"elementor-section elementor-inner-section elementor-element elementor-element-15c168a elementor-section-boxed elementor-section-height-default elementor-section-height-default\" data-id=\"15c168a\" data-element_type=\"section\">\n\t\t\t\t\t\t<div class=\"elementor-container elementor-column-gap-default\">\n\t\t\t\t\t<div class=\"elementor-column elementor-col-25 elementor-inner-column elementor-element elementor-element-bfdb6e1\" data-id=\"bfdb6e1\" data-element_type=\"column\">\n\t\t\t<div class=\"elementor-widget-wrap elementor-element-populated\">\n\t\t\t\t\t\t\t\t<div class=\"elementor-element elementor-element-e22999e elementor-position-top elementor-vertical-align-middle elementor-view-default elementor-mobile-position-top elementor-widget elementor-widget-icon-box\" data-id=\"e22999e\" data-element_type=\"widget\" data-widget_type=\"icon-box.default\">\n\t\t\t\t<div class=\"elementor-widget-container\">\n\t\t\t<link rel=\"stylesheet\" href=\"https:\/\/vendas.ecreed.com.br\/home\/wp-content\/plugins\/elementor\/assets\/css\/widget-icon-box.min.css\">\t\t<div class=\"elementor-icon-box-wrapper\">\n\t\t\t\t\t\t<div class=\"elementor-icon-box-icon\">\n\t\t\t\t<span class=\"elementor-icon elementor-animation-\" >\n\t\t\t\t<i aria-hidden=\"true\" class=\"fas fa-star\"><\/i>\t\t\t\t<\/span>\n\t\t\t<\/div>\n\t\t\t\t\t\t<div class=\"elementor-icon-box-content\">\n\t\t\t\t<h3 class=\"elementor-icon-box-title\">\n\t\t\t\t\t<span  >\n\t\t\t\t\t\tCarteira Assinada\t\t\t\t\t<\/span>\n\t\t\t\t<\/h3>\n\t\t\t\t\t\t\t\t\t<p class=\"elementor-icon-box-description\">\n\t\t\t\t\t\tTodos os trabalhadores de Carteira Assinada t\u00eam direito ao empr\u00e9stimo via FGTS.\t\t\t\t\t<\/p>\n\t\t\t\t\t\t\t<\/div>\n\t\t<\/div>\n\t\t\t\t<\/div>\n\t\t\t\t<\/div>\n\t\t\t\t\t<\/div>\n\t\t<\/div>\n\t\t\t\t<div class=\"elementor-column elementor-col-25 elementor-inner-column elementor-element elementor-element-09ea0e8\" data-id=\"09ea0e8\" data-element_type=\"column\">\n\t\t\t<div class=\"elementor-widget-wrap elementor-element-populated\">\n\t\t\t\t\t\t\t\t<div class=\"elementor-element elementor-element-9b6d8b4 elementor-position-top elementor-vertical-align-middle elementor-view-default elementor-mobile-position-top elementor-widget elementor-widget-icon-box\" data-id=\"9b6d8b4\" data-element_type=\"widget\" data-widget_type=\"icon-box.default\">\n\t\t\t\t<div class=\"elementor-widget-container\">\n\t\t\t\t\t<div class=\"elementor-icon-box-wrapper\">\n\t\t\t\t\t\t<div class=\"elementor-icon-box-icon\">\n\t\t\t\t<span class=\"elementor-icon elementor-animation-\" >\n\t\t\t\t<i aria-hidden=\"true\" class=\"fas fa-star\"><\/i>\t\t\t\t<\/span>\n\t\t\t<\/div>\n\t\t\t\t\t\t<div class=\"elementor-icon-box-content\">\n\t\t\t\t<h3 class=\"elementor-icon-box-title\">\n\t\t\t\t\t<span  >\n\t\t\t\t\t\tAt\u00e9 70%\t\t\t\t\t<\/span>\n\t\t\t\t<\/h3>\n\t\t\t\t\t\t\t\t\t<p class=\"elementor-icon-box-description\">\n\t\t\t\t\t\tDo valor do seu FGTS pode ser seu!\t\t\t\t\t<\/p>\n\t\t\t\t\t\t\t<\/div>\n\t\t<\/div>\n\t\t\t\t<\/div>\n\t\t\t\t<\/div>\n\t\t\t\t\t<\/div>\n\t\t<\/div>\n\t\t\t\t<div class=\"elementor-column elementor-col-25 elementor-inner-column elementor-element elementor-element-6f4b8ec\" data-id=\"6f4b8ec\" data-element_type=\"column\">\n\t\t\t<div class=\"elementor-widget-wrap elementor-element-populated\">\n\t\t\t\t\t\t\t\t<div class=\"elementor-element elementor-element-3fb0b85 elementor-position-top elementor-vertical-align-middle elementor-view-default elementor-mobile-position-top elementor-widget elementor-widget-icon-box\" data-id=\"3fb0b85\" data-element_type=\"widget\" data-widget_type=\"icon-box.default\">\n\t\t\t\t<div class=\"elementor-widget-container\">\n\t\t\t\t\t<div class=\"elementor-icon-box-wrapper\">\n\t\t\t\t\t\t<div class=\"elementor-icon-box-icon\">\n\t\t\t\t<span class=\"elementor-icon elementor-animation-\" >\n\t\t\t\t<i aria-hidden=\"true\" class=\"fas fa-star\"><\/i>\t\t\t\t<\/span>\n\t\t\t<\/div>\n\t\t\t\t\t\t<div class=\"elementor-icon-box-content\">\n\t\t\t\t<h3 class=\"elementor-icon-box-title\">\n\t\t\t\t\t<span  >\n\t\t\t\t\t\tR\u00e1pido\t\t\t\t\t<\/span>\n\t\t\t\t<\/h3>\n\t\t\t\t\t\t\t\t\t<p class=\"elementor-icon-box-description\">\n\t\t\t\t\t\tEm at\u00e9 24 horas, dinheiro na sua conta.\t\t\t\t\t<\/p>\n\t\t\t\t\t\t\t<\/div>\n\t\t<\/div>\n\t\t\t\t<\/div>\n\t\t\t\t<\/div>\n\t\t\t\t\t<\/div>\n\t\t<\/div>\n\t\t\t\t<div class=\"elementor-column elementor-col-25 elementor-inner-column elementor-element elementor-element-fca895f\" data-id=\"fca895f\" data-element_type=\"column\">\n\t\t\t<div class=\"elementor-widget-wrap elementor-element-populated\">\n\t\t\t\t\t\t\t\t<div class=\"elementor-element elementor-element-558f8d4 elementor-position-top elementor-vertical-align-middle elementor-view-default elementor-mobile-position-top elementor-widget elementor-widget-icon-box\" data-id=\"558f8d4\" data-element_type=\"widget\" data-widget_type=\"icon-box.default\">\n\t\t\t\t<div class=\"elementor-widget-container\">\n\t\t\t\t\t<div class=\"elementor-icon-box-wrapper\">\n\t\t\t\t\t\t<div class=\"elementor-icon-box-icon\">\n\t\t\t\t<span class=\"elementor-icon elementor-animation-\" >\n\t\t\t\t<i aria-hidden=\"true\" class=\"fas fa-star\"><\/i>\t\t\t\t<\/span>\n\t\t\t<\/div>\n\t\t\t\t\t\t<div class=\"elementor-icon-box-content\">\n\t\t\t\t<h3 class=\"elementor-icon-box-title\">\n\t\t\t\t\t<span  >\n\t\t\t\t\t\tSem parcelas\t\t\t\t\t<\/span>\n\t\t\t\t<\/h3>\n\t\t\t\t\t\t\t\t\t<p class=\"elementor-icon-box-description\">\n\t\t\t\t\t\tO Saque FGTS n\u00e3o deixa parcelas para voc\u00ea se preocupar depois;\t\t\t\t\t<\/p>\n\t\t\t\t\t\t\t<\/div>\n\t\t<\/div>\n\t\t\t\t<\/div>\n\t\t\t\t<\/div>\n\t\t\t\t\t<\/div>\n\t\t<\/div>\n\t\t\t\t\t\t\t<\/div>\n\t\t<\/section>\n\t\t\t\t<section class=\"elementor-section elementor-inner-section elementor-element elementor-element-f930e10 elementor-section-boxed elementor-section-height-default elementor-section-height-default\" data-id=\"f930e10\" data-element_type=\"section\">\n\t\t\t\t\t\t<div class=\"elementor-container elementor-column-gap-default\">\n\t\t\t\t\t<div class=\"elementor-column elementor-col-100 elementor-inner-column elementor-element elementor-element-e5686bc\" data-id=\"e5686bc\" data-element_type=\"column\">\n\t\t\t<div class=\"elementor-widget-wrap elementor-element-populated\">\n\t\t\t\t\t\t\t\t<div class=\"elementor-element elementor-element-3f83748 elementor-align-center elementor-widget elementor-widget-button\" data-id=\"3f83748\" data-element_type=\"widget\" data-widget_type=\"button.default\">\n\t\t\t\t<div class=\"elementor-widget-container\">\n\t\t\t\t\t<div class=\"elementor-button-wrapper\">\n\t\t\t<a href=\"https:\/\/api.whatsapp.com\/send?phone=554488680633&#038;text=Ol%C3%A1,%20me%20interessei%20no%20Saque%20FGTS.\" class=\"elementor-button-link elementor-button elementor-size-md elementor-animation-grow\" role=\"button\">\n\t\t\t\t\t\t<span class=\"elementor-button-content-wrapper\">\n\t\t\t\t\t\t<span class=\"elementor-button-text\">FGTS \u00e9 para mim<\/span>\n\t\t<\/span>\n\t\t\t\t\t<\/a>\n\t\t<\/div>\n\t\t\t\t<\/div>\n\t\t\t\t<\/div>\n\t\t\t\t\t<\/div>\n\t\t<\/div>\n\t\t\t\t\t\t\t<\/div>\n\t\t<\/section>\n\t\t\t\t\t<\/div>\n\t\t<\/div>\n\t\t\t\t\t\t\t<\/div>\n\t\t<\/section>\n\t\t\t\t<section class=\"elementor-section elementor-top-section elementor-element elementor-element-efe3a3b elementor-section-boxed elementor-section-height-default elementor-section-height-default\" data-id=\"efe3a3b\" data-element_type=\"section\" data-settings=\"{&quot;background_background&quot;:&quot;classic&quot;}\">\n\t\t\t\t\t\t<div class=\"elementor-container elementor-column-gap-default\">\n\t\t\t\t\t<div class=\"elementor-column elementor-col-100 elementor-top-column elementor-element elementor-element-4ac8bb3\" data-id=\"4ac8bb3\" data-element_type=\"column\">\n\t\t\t<div class=\"elementor-widget-wrap elementor-element-populated\">\n\t\t\t\t\t\t\t\t<div class=\"elementor-element elementor-element-37ef532 elementor-widget elementor-widget-image\" data-id=\"37ef532\" data-element_type=\"widget\" data-widget_type=\"image.default\">\n\t\t\t\t<div class=\"elementor-widget-container\">\n\t\t\t\t\t\t\t\t\t\t\t\t\t\t\t<img loading=\"lazy\" decoding=\"async\" width=\"300\" height=\"153\" src=\"https:\/\/vendas.ecreed.com.br\/home\/wp-content\/uploads\/2023\/05\/deitada-png-300x153.png\" class=\"attachment-medium size-medium wp-image-414\" alt=\"\" srcset=\"https:\/\/vendas.ecreed.com.br\/home\/wp-content\/uploads\/2023\/05\/deitada-png-300x153.png 300w, https:\/\/vendas.ecreed.com.br\/home\/wp-content\/uploads\/2023\/05\/deitada-png.png 677w\" sizes=\"auto, (max-width: 300px) 100vw, 300px\" \/>\t\t\t\t\t\t\t\t\t\t\t\t\t\t\t<\/div>\n\t\t\t\t<\/div>\n\t\t\t\t<div class=\"elementor-element elementor-element-0a9256e elementor-widget elementor-widget-text-editor\" data-id=\"0a9256e\" data-element_type=\"widget\" data-widget_type=\"text-editor.default\">\n\t\t\t\t<div class=\"elementor-widget-container\">\n\t\t\t<style>\/*! elementor - v3.13.2 - 11-05-2023 *\/\n.elementor-widget-text-editor.elementor-drop-cap-view-stacked .elementor-drop-cap{background-color:#69727d;color:#fff}.elementor-widget-text-editor.elementor-drop-cap-view-framed .elementor-drop-cap{color:#69727d;border:3px solid;background-color:transparent}.elementor-widget-text-editor:not(.elementor-drop-cap-view-default) .elementor-drop-cap{margin-top:8px}.elementor-widget-text-editor:not(.elementor-drop-cap-view-default) .elementor-drop-cap-letter{width:1em;height:1em}.elementor-widget-text-editor .elementor-drop-cap{float:left;text-align:center;line-height:1;font-size:50px}.elementor-widget-text-editor .elementor-drop-cap-letter{display:inline-block}<\/style>\t\t\t\t<p>Todos os direitos reservados \u00e0 DreamsConnect.\u00a0<\/p><p>2023.<\/p>\t\t\t\t\t\t<\/div>\n\t\t\t\t<\/div>\n\t\t\t\t\t<\/div>\n\t\t<\/div>\n\t\t\t\t\t\t\t<\/div>\n\t\t<\/section>\n\t\t\t\t\t\t\t<\/div>\n\t\t","protected":false},"excerpt":{"rendered":"<p>Contrate aqui Para quem \u00e9 o FGTS? Carteira Assinada Todos os trabalhadores de Carteira Assinada t\u00eam direito ao empr\u00e9stimo via FGTS. At\u00e9 70% Do valor do seu FGTS pode ser seu! R\u00e1pido Em at\u00e9 24 horas, dinheiro na sua conta. Sem parcelas O Saque FGTS n\u00e3o deixa parcelas para voc\u00ea se preocupar depois; FGTS \u00e9 [&hellip;]<\/p>\n","protected":false},"author":1,"featured_media":0,"parent":0,"menu_order":0,"comment_status":"closed","ping_status":"closed","template":"elementor_canvas","meta":{"footnotes":""},"class_list":["post-96","page","type-page","status-publish","hentry"],"yoast_head":"<!-- This site is optimized with the Yoast SEO plugin v20.7 - https:\/\/yoast.com\/wordpress\/plugins\/seo\/ -->\n<title>FGTS - Vendas<\/title>\n<meta name=\"robots\" content=\"index, follow, max-snippet:-1, max-image-preview:large, max-video-preview:-1\" \/>\n<link rel=\"canonical\" href=\"https:\/\/vendas.ecreed.com.br\/home\/fgts\/\" \/>\n<meta property=\"og:locale\" content=\"pt_BR\" \/>\n<meta property=\"og:type\" content=\"article\" \/>\n<meta property=\"og:title\" content=\"FGTS - Vendas\" \/>\n<meta property=\"og:description\" content=\"Contrate aqui Para quem \u00e9 o FGTS? Carteira Assinada Todos os trabalhadores de Carteira Assinada t\u00eam direito ao empr\u00e9stimo via FGTS. At\u00e9 70% Do valor do seu FGTS pode ser seu! R\u00e1pido Em at\u00e9 24 horas, dinheiro na sua conta. Sem parcelas O Saque FGTS n\u00e3o deixa parcelas para voc\u00ea se preocupar depois; FGTS \u00e9 [&hellip;]\" \/>\n<meta property=\"og:url\" content=\"https:\/\/vendas.ecreed.com.br\/home\/fgts\/\" \/>\n<meta property=\"og:site_name\" content=\"Vendas\" \/>\n<meta property=\"article:modified_time\" content=\"2023-05-22T14:24:42+00:00\" \/>\n<meta property=\"og:image\" content=\"https:\/\/vendas.ecreed.com.br\/home\/wp-content\/uploads\/2023\/03\/E-CREED-1.png\" \/>\n<meta name=\"twitter:card\" content=\"summary_large_image\" \/>\n<meta name=\"twitter:label1\" content=\"Est. tempo de leitura\" \/>\n\t<meta name=\"twitter:data1\" content=\"2 minutos\" \/>\n<script type=\"application\/ld+json\" class=\"yoast-schema-graph\">{\"@context\":\"https:\/\/schema.org\",\"@graph\":[{\"@type\":\"WebPage\",\"@id\":\"https:\/\/vendas.ecreed.com.br\/home\/fgts\/\",\"url\":\"https:\/\/vendas.ecreed.com.br\/home\/fgts\/\",\"name\":\"FGTS - Vendas\",\"isPartOf\":{\"@id\":\"https:\/\/vendas.ecreed.com.br\/home\/#website\"},\"datePublished\":\"2023-03-30T18:39:02+00:00\",\"dateModified\":\"2023-05-22T14:24:42+00:00\",\"breadcrumb\":{\"@id\":\"https:\/\/vendas.ecreed.com.br\/home\/fgts\/#breadcrumb\"},\"inLanguage\":\"pt-BR\",\"potentialAction\":[{\"@type\":\"ReadAction\",\"target\":[\"https:\/\/vendas.ecreed.com.br\/home\/fgts\/\"]}]},{\"@type\":\"BreadcrumbList\",\"@id\":\"https:\/\/vendas.ecreed.com.br\/home\/fgts\/#breadcrumb\",\"itemListElement\":[{\"@type\":\"ListItem\",\"position\":1,\"name\":\"In\u00edcio\",\"item\":\"https:\/\/vendas.ecreed.com.br\/home\/\"},{\"@type\":\"ListItem\",\"position\":2,\"name\":\"FGTS\"}]},{\"@type\":\"WebSite\",\"@id\":\"https:\/\/vendas.ecreed.com.br\/home\/#website\",\"url\":\"https:\/\/vendas.ecreed.com.br\/home\/\",\"name\":\"Vendas\",\"description\":\"Levando facilidade financeira aos nossos clientes.\",\"publisher\":{\"@id\":\"https:\/\/vendas.ecreed.com.br\/home\/#organization\"},\"potentialAction\":[{\"@type\":\"SearchAction\",\"target\":{\"@type\":\"EntryPoint\",\"urlTemplate\":\"https:\/\/vendas.ecreed.com.br\/home\/?s={search_term_string}\"},\"query-input\":\"required name=search_term_string\"}],\"inLanguage\":\"pt-BR\"},{\"@type\":\"Organization\",\"@id\":\"https:\/\/vendas.ecreed.com.br\/home\/#organization\",\"name\":\"\u00c9 Creed\",\"url\":\"https:\/\/vendas.ecreed.com.br\/home\/\",\"logo\":{\"@type\":\"ImageObject\",\"inLanguage\":\"pt-BR\",\"@id\":\"https:\/\/vendas.ecreed.com.br\/home\/#\/schema\/logo\/image\/\",\"url\":\"https:\/\/vendas.ecreed.com.br\/home\/wp-content\/uploads\/2023\/03\/e-creed-solucoes-financeiras.png\",\"contentUrl\":\"https:\/\/vendas.ecreed.com.br\/home\/wp-content\/uploads\/2023\/03\/e-creed-solucoes-financeiras.png\",\"width\":1170,\"height\":1050,\"caption\":\"\u00c9 Creed\"},\"image\":{\"@id\":\"https:\/\/vendas.ecreed.com.br\/home\/#\/schema\/logo\/image\/\"}}]}<\/script>\n<!-- \/ Yoast SEO plugin. -->","yoast_head_json":{"title":"FGTS - Vendas","robots":{"index":"index","follow":"follow","max-snippet":"max-snippet:-1","max-image-preview":"max-image-preview:large","max-video-preview":"max-video-preview:-1"},"canonical":"https:\/\/vendas.ecreed.com.br\/home\/fgts\/","og_locale":"pt_BR","og_type":"article","og_title":"FGTS - Vendas","og_description":"Contrate aqui Para quem \u00e9 o FGTS? Carteira Assinada Todos os trabalhadores de Carteira Assinada t\u00eam direito ao empr\u00e9stimo via FGTS. At\u00e9 70% Do valor do seu FGTS pode ser seu! R\u00e1pido Em at\u00e9 24 horas, dinheiro na sua conta. Sem parcelas O Saque FGTS n\u00e3o deixa parcelas para voc\u00ea se preocupar depois; FGTS \u00e9 [&hellip;]","og_url":"https:\/\/vendas.ecreed.com.br\/home\/fgts\/","og_site_name":"Vendas","article_modified_time":"2023-05-22T14:24:42+00:00","og_image":[{"url":"https:\/\/vendas.ecreed.com.br\/home\/wp-content\/uploads\/2023\/03\/E-CREED-1.png"}],"twitter_card":"summary_large_image","twitter_misc":{"Est. tempo de leitura":"2 minutos"},"schema":{"@context":"https:\/\/schema.org","@graph":[{"@type":"WebPage","@id":"https:\/\/vendas.ecreed.com.br\/home\/fgts\/","url":"https:\/\/vendas.ecreed.com.br\/home\/fgts\/","name":"FGTS - Vendas","isPartOf":{"@id":"https:\/\/vendas.ecreed.com.br\/home\/#website"},"datePublished":"2023-03-30T18:39:02+00:00","dateModified":"2023-05-22T14:24:42+00:00","breadcrumb":{"@id":"https:\/\/vendas.ecreed.com.br\/home\/fgts\/#breadcrumb"},"inLanguage":"pt-BR","potentialAction":[{"@type":"ReadAction","target":["https:\/\/vendas.ecreed.com.br\/home\/fgts\/"]}]},{"@type":"BreadcrumbList","@id":"https:\/\/vendas.ecreed.com.br\/home\/fgts\/#breadcrumb","itemListElement":[{"@type":"ListItem","position":1,"name":"In\u00edcio","item":"https:\/\/vendas.ecreed.com.br\/home\/"},{"@type":"ListItem","position":2,"name":"FGTS"}]},{"@type":"WebSite","@id":"https:\/\/vendas.ecreed.com.br\/home\/#website","url":"https:\/\/vendas.ecreed.com.br\/home\/","name":"Vendas","description":"Levando facilidade financeira aos nossos clientes.","publisher":{"@id":"https:\/\/vendas.ecreed.com.br\/home\/#organization"},"potentialAction":[{"@type":"SearchAction","target":{"@type":"EntryPoint","urlTemplate":"https:\/\/vendas.ecreed.com.br\/home\/?s={search_term_string}"},"query-input":"required name=search_term_string"}],"inLanguage":"pt-BR"},{"@type":"Organization","@id":"https:\/\/vendas.ecreed.com.br\/home\/#organization","name":"\u00c9 Creed","url":"https:\/\/vendas.ecreed.com.br\/home\/","logo":{"@type":"ImageObject","inLanguage":"pt-BR","@id":"https:\/\/vendas.ecreed.com.br\/home\/#\/schema\/logo\/image\/","url":"https:\/\/vendas.ecreed.com.br\/home\/wp-content\/uploads\/2023\/03\/e-creed-solucoes-financeiras.png","contentUrl":"https:\/\/vendas.ecreed.com.br\/home\/wp-content\/uploads\/2023\/03\/e-creed-solucoes-financeiras.png","width":1170,"height":1050,"caption":"\u00c9 Creed"},"image":{"@id":"https:\/\/vendas.ecreed.com.br\/home\/#\/schema\/logo\/image\/"}}]}},"_links":{"self":[{"href":"https:\/\/vendas.ecreed.com.br\/home\/wp-json\/wp\/v2\/pages\/96","targetHints":{"allow":["GET"]}}],"collection":[{"href":"https:\/\/vendas.ecreed.com.br\/home\/wp-json\/wp\/v2\/pages"}],"about":[{"href":"https:\/\/vendas.ecreed.com.br\/home\/wp-json\/wp\/v2\/types\/page"}],"author":[{"embeddable":true,"href":"https:\/\/vendas.ecreed.com.br\/home\/wp-json\/wp\/v2\/users\/1"}],"replies":[{"embeddable":true,"href":"https:\/\/vendas.ecreed.com.br\/home\/wp-json\/wp\/v2\/comments?post=96"}],"version-history":[{"count":78,"href":"https:\/\/vendas.ecreed.com.br\/home\/wp-json\/wp\/v2\/pages\/96\/revisions"}],"predecessor-version":[{"id":432,"href":"https:\/\/vendas.ecreed.com.br\/home\/wp-json\/wp\/v2\/pages\/96\/revisions\/432"}],"wp:attachment":[{"href":"https:\/\/vendas.ecreed.com.br\/home\/wp-json\/wp\/v2\/media?parent=96"}],"curies":[{"name":"wp","href":"https:\/\/api.w.org\/{rel}","templated":true}]}}